{"id":290,"date":"2022-01-12T23:54:51","date_gmt":"2022-01-12T23:54:51","guid":{"rendered":"https:\/\/www.froerupforsamlingshus.dk\/?page_id=290"},"modified":"2022-05-11T22:21:52","modified_gmt":"2022-05-11T20:21:52","slug":"medlemskab","status":"publish","type":"page","link":"https:\/\/www.froerupforsamlingshus.dk\/?page_id=290","title":{"rendered":"Medlemskab"},"content":{"rendered":"\n<h2 class=\"wp-block-heading\">Hj\u00e6lp os til at vedligeholde et lokalsamfund i verdensklasse!<\/h2>\n\n\n\n<p>Med et medlemskab st\u00f8tter du driften og vedligeholdelsen af forsamlingshuset, s\u00e5 det kan blive ved med at v\u00e6re vores alle sammens f\u00e6lles hus til private fester og f\u00e6llesarrangementer.<\/p>\n\n\n\n<p>Medlemskort er g\u00e6ldende for kalender\u00e5ret, dvs. fra 1. januar til 31. december. <\/p>\n\n\n\n<p>Et medlemskort er g\u00e6ldende for den husstand man bor i (Se evt. vedt\u00e6gterne for uddybning)<\/p>\n\n\n\n<p>Ud over at st\u00f8tte forsamlingshuset giver medlemskab ogs\u00e5 rabat p\u00e5 leje af huset samt stemmeret p\u00e5 generalforsamlingen.<\/p>\n\n\n\n<p>Prisen har v\u00e6ret u\u00e6ndret i mange \u00e5r, og burde egentlig stige (ikke mindst p\u00e5 baggrund af de aktuelt stigende gas- og elpriser). I stedet for at lade et medlemskort stige, lader vi os inspirere af andre forsamlingshuse i landet, som har et minimumsbel\u00f8b. Dvs. dit medlemskort koster minimum 150 kr.,- og du er naturligvis meget velkommen til at give mere end 150 kr. for dit medlemskort.<\/p>\n\n\n\n<p>Alle indt\u00e6gter g\u00e5r til vedligeholdelse af huset samt f\u00e6llesarrangementer.<\/p>\n\n\n\n<p>Det er muligt at tegne medlemskort hele \u00e5ret, men medlemskortet g\u00e6lder kun for det \u00e5r det tegnes i.<\/p>\n\n\n\n<p>Medlemskort tegnes ved at overf\u00f8re minimum 150 kr. <\/p>\n\n\n\n<p>Lav gerne en fast overf\u00f8rsel hvert \u00e5r i Januar,- s\u00e5 skal du ikke g\u00e5 og huske p\u00e5 at f\u00e5 det fornyet \ud83d\ude42<\/p>\n\n\n\n<figure class=\"wp-block-image size-full\"><img loading=\"lazy\" decoding=\"async\" width=\"600\" height=\"674\" src=\"https:\/\/www.froerupforsamlingshus.dk\/wp-content\/uploads\/2022\/01\/Betalinsmetoder.png\" alt=\"\" class=\"wp-image-291\" srcset=\"https:\/\/www.froerupforsamlingshus.dk\/wp-content\/uploads\/2022\/01\/Betalinsmetoder.png 600w, https:\/\/www.froerupforsamlingshus.dk\/wp-content\/uploads\/2022\/01\/Betalinsmetoder-267x300.png 267w\" sizes=\"auto, (max-width: 600px) 100vw, 600px\" \/><\/figure>\n","protected":false},"excerpt":{"rendered":"<p>Hj\u00e6lp os til at vedligeholde et lokalsamfund i verdensklasse! Med et medlemskab st\u00f8tter du driften og vedligeholdelsen af forsamlingshuset, s\u00e5 det kan blive ved med at v\u00e6re vores alle sammens f\u00e6lles hus til private fester og f\u00e6llesarrangementer. Medlemskort er g\u00e6ldende for kalender\u00e5ret, dvs. fra 1. januar til 31. december. Et medlemskort er g\u00e6ldende for den &#8230; <a title=\"Medlemskab\" class=\"read-more\" href=\"https:\/\/www.froerupforsamlingshus.dk\/?page_id=290\" aria-label=\"Read more about Medlemskab\">L\u00e6s mere <\/a><\/p>\n","protected":false},"author":1,"featured_media":0,"parent":111,"menu_order":0,"comment_status":"closed","ping_status":"closed","template":"","meta":{"footnotes":""},"class_list":["post-290","page","type-page","status-publish"],"_links":{"self":[{"href":"https:\/\/www.froerupforsamlingshus.dk\/index.php?rest_route=\/wp\/v2\/pages\/290","targetHints":{"allow":["GET"]}}],"collection":[{"href":"https:\/\/www.froerupforsamlingshus.dk\/index.php?rest_route=\/wp\/v2\/pages"}],"about":[{"href":"https:\/\/www.froerupforsamlingshus.dk\/index.php?rest_route=\/wp\/v2\/types\/page"}],"author":[{"embeddable":true,"href":"https:\/\/www.froerupforsamlingshus.dk\/index.php?rest_route=\/wp\/v2\/users\/1"}],"replies":[{"embeddable":true,"href":"https:\/\/www.froerupforsamlingshus.dk\/index.php?rest_route=%2Fwp%2Fv2%2Fcomments&post=290"}],"version-history":[{"count":3,"href":"https:\/\/www.froerupforsamlingshus.dk\/index.php?rest_route=\/wp\/v2\/pages\/290\/revisions"}],"predecessor-version":[{"id":1093,"href":"https:\/\/www.froerupforsamlingshus.dk\/index.php?rest_route=\/wp\/v2\/pages\/290\/revisions\/1093"}],"up":[{"embeddable":true,"href":"https:\/\/www.froerupforsamlingshus.dk\/index.php?rest_route=\/wp\/v2\/pages\/111"}],"wp:attachment":[{"href":"https:\/\/www.froerupforsamlingshus.dk\/index.php?rest_route=%2Fwp%2Fv2%2Fmedia&parent=290"}],"curies":[{"name":"wp","href":"https:\/\/api.w.org\/{rel}","templated":true}]}}