{"id":207,"date":"2021-12-28T00:24:50","date_gmt":"2021-12-28T00:24:50","guid":{"rendered":"https:\/\/www.froerupforsamlingshus.dk\/?page_id=207"},"modified":"2025-07-07T14:26:21","modified_gmt":"2025-07-07T12:26:21","slug":"faciliteter","status":"publish","type":"page","link":"https:\/\/www.froerupforsamlingshus.dk\/?page_id=207","title":{"rendered":"Faciliteter"},"content":{"rendered":"\n<p>Huset best\u00e5r af en stor og en lille sal samt et stort k\u00f8kken, herre- og dame-toiletter, et handicaptoilet og en entr\u00e9 med garderobe.<\/p>\n\n\n\n<p>Du kan se billeder af lokalerne ved at klikke p\u00e5 billeder i menuen.<\/p>\n\n\n\n<p><strong>Den store sal<\/strong><\/p>\n\n\n\n<p>Der er plads til 100 personer i den store sal.<br>Der er 20 aflange borde 80 x 180 cm, 10 runde borde \u00d8150 cm samt stole p\u00e5 vogne.<\/p>\n\n\n\n<p><strong>Opd\u00e6kning<\/strong><\/p>\n\n\n\n<p>Forsamlingshuset har komplet service til 100 spisende g\u00e6ster.<br>Opd\u00e6kning kan g\u00f8res p\u00e5 utallige m\u00e5der efter lyst og temperament.<\/p>\n\n\n\n<p><strong>Den lille sal<\/strong><\/p>\n\n\n\n<p>Der er plads til 30 personer i den lille sal, der f.eks. kan anvendes til kaffe, buffet eller velkomstdrinks.<br>Der er 7 aflange borde 80 x 120 cm.<\/p>\n\n\n\n<p><strong>Baren<\/strong><\/p>\n\n\n\n<p>I den store sal forefindes baren med k\u00f8leskabe og fryser bagved.<\/p>\n\n\n\n<p><strong>K\u00f8kkenet<\/strong><\/p>\n\n\n\n<p>Der er komplet service til 100 spisende g\u00e6ster.<\/p>\n\n\n\n<p>K\u00f8kkenet er udstyret med alt i potter og pander samt:<br>K\u00f8leskab<br>Stor fryser<br>Gaskomfur med 6 blus<br>2xElovn<br>Mikroovn<br>H\u00e5ndmixer<br>Hurtig Kaffemaskine<br>Industriel Opvaskemaskine<\/p>\n\n\n\n<p><strong>Toiletter<\/strong><\/p>\n\n\n\n<p>Der er nyrenoverede herre- og dametoiletter samt handicapvenligt toilet.<\/p>\n\n\n\n<p><strong>Parkeringspladser<\/strong><\/p>\n\n\n\n<p>Ude foran forsamlingshuset er der stort P-areal.<\/p>\n","protected":false},"excerpt":{"rendered":"<p>Huset best\u00e5r af en stor og en lille sal samt et stort k\u00f8kken, herre- og dame-toiletter, et handicaptoilet og en entr\u00e9 med garderobe. Du kan se billeder af lokalerne ved at klikke p\u00e5 billeder i menuen. Den store sal Der er plads til 100 personer i den store sal.Der er 20 aflange borde 80 x &#8230; <a title=\"Faciliteter\" class=\"read-more\" href=\"https:\/\/www.froerupforsamlingshus.dk\/?page_id=207\" aria-label=\"Read more about Faciliteter\">L\u00e6s mere <\/a><\/p>\n","protected":false},"author":1,"featured_media":0,"parent":0,"menu_order":0,"comment_status":"closed","ping_status":"closed","template":"","meta":{"footnotes":""},"class_list":["post-207","page","type-page","status-publish"],"_links":{"self":[{"href":"https:\/\/www.froerupforsamlingshus.dk\/index.php?rest_route=\/wp\/v2\/pages\/207","targetHints":{"allow":["GET"]}}],"collection":[{"href":"https:\/\/www.froerupforsamlingshus.dk\/index.php?rest_route=\/wp\/v2\/pages"}],"about":[{"href":"https:\/\/www.froerupforsamlingshus.dk\/index.php?rest_route=\/wp\/v2\/types\/page"}],"author":[{"embeddable":true,"href":"https:\/\/www.froerupforsamlingshus.dk\/index.php?rest_route=\/wp\/v2\/users\/1"}],"replies":[{"embeddable":true,"href":"https:\/\/www.froerupforsamlingshus.dk\/index.php?rest_route=%2Fwp%2Fv2%2Fcomments&post=207"}],"version-history":[{"count":6,"href":"https:\/\/www.froerupforsamlingshus.dk\/index.php?rest_route=\/wp\/v2\/pages\/207\/revisions"}],"predecessor-version":[{"id":2357,"href":"https:\/\/www.froerupforsamlingshus.dk\/index.php?rest_route=\/wp\/v2\/pages\/207\/revisions\/2357"}],"wp:attachment":[{"href":"https:\/\/www.froerupforsamlingshus.dk\/index.php?rest_route=%2Fwp%2Fv2%2Fmedia&parent=207"}],"curies":[{"name":"wp","href":"https:\/\/api.w.org\/{rel}","templated":true}]}}