{"id":170,"date":"2021-12-27T19:05:44","date_gmt":"2021-12-27T18:05:44","guid":{"rendered":"https:\/\/www.froerupforsamlingshus.dk\/?page_id=170"},"modified":"2024-11-26T19:53:32","modified_gmt":"2024-11-26T18:53:32","slug":"priser","status":"publish","type":"page","link":"https:\/\/www.froerupforsamlingshus.dk\/?page_id=170","title":{"rendered":"Prisliste"},"content":{"rendered":"\n<figure class=\"wp-block-table\"><table><tbody><tr><td>Hele huset (Begge sale og med k\u00f8kken)<\/td><td>2350 kr.<\/td><\/tr><tr><td>Hele huset (Begge sale og med k\u00f8kken), m\u00f8de\/begravelse*<\/td><td>1400 kr.<\/td><\/tr><tr><td>Store sal med k\u00f8kken<\/td><td>1950 kr.<\/td><\/tr><tr><td>Store sal, m\u00f8de\/begravelse*<\/td><td>1100 kr.<\/td><\/tr><tr><td>Lille sal med k\u00f8kken<\/td><td>1400 kr.<\/td><\/tr><tr><td>Lille sal, m\u00f8de\/begravelse*<\/td><td>850 kr.<\/td><\/tr><tr><td>Huset dagen f\u00f8r\/dagen efter<\/td><td>550 kr.<\/td><\/tr><tr><td>Till\u00e6g for ikke-medlemmer<\/td><td>350 kr.<\/td><\/tr><tr><td>Depositum<\/td><td>1000 kr.<\/td><\/tr><\/tbody><\/table><figcaption class=\"wp-element-caption\">Priser er g\u00e6ldende fra 1. november 2021<\/figcaption><\/figure>\n\n\n\n<p><\/p>\n\n\n\n<p>Huset lejes ud fra kl. 08:00 indtil kl. 06:00 dagen efter (pr. dag). <br>Prisen inkluderer reng\u00f8ring,- man skal dog selv t\u00f8rre af, rydde op og feje. <\/p>\n\n\n\n<p>*) M\u00f8de\/begravelse prisen g\u00e6lder begravelser og bis\u00e6ttelser samt til lokale foreningers m\u00f8dearrangementer, f.eks. generalforsamlinger.<\/p>\n\n\n\n<p>Betaling falder i to rater: <br>1. rate er halvdelen af lejen, der skal betales senest 14 dage efter modtagelse af lejekontrakten. <br>2. rate er sidste halvdel af lejen plus depositum, der skal betales senest 1 m\u00e5ned f\u00f8r arrangementets afholdelse. <\/p>\n\n\n\n<p>Depositum tilbagebetales n\u00e5r huset er afleveret (sammen med n\u00f8gler og afleveringsseddel) og godkendt.<\/p>\n\n\n\n<p><\/p>\n","protected":false},"excerpt":{"rendered":"<p>Hele huset (Begge sale og med k\u00f8kken) 2350 kr. Hele huset (Begge sale og med k\u00f8kken), m\u00f8de\/begravelse* 1400 kr. Store sal med k\u00f8kken 1950 kr. Store sal, m\u00f8de\/begravelse* 1100 kr. Lille sal med k\u00f8kken 1400 kr. Lille sal, m\u00f8de\/begravelse* 850 kr. Huset dagen f\u00f8r\/dagen efter 550 kr. Till\u00e6g for ikke-medlemmer 350 kr. Depositum 1000 kr. &#8230; <a title=\"Prisliste\" class=\"read-more\" href=\"https:\/\/www.froerupforsamlingshus.dk\/?page_id=170\" aria-label=\"Read more about Prisliste\">L\u00e6s mere <\/a><\/p>\n","protected":false},"author":1,"featured_media":0,"parent":195,"menu_order":1,"comment_status":"closed","ping_status":"closed","template":"","meta":{"footnotes":""},"class_list":["post-170","page","type-page","status-publish"],"_links":{"self":[{"href":"https:\/\/www.froerupforsamlingshus.dk\/index.php?rest_route=\/wp\/v2\/pages\/170","targetHints":{"allow":["GET"]}}],"collection":[{"href":"https:\/\/www.froerupforsamlingshus.dk\/index.php?rest_route=\/wp\/v2\/pages"}],"about":[{"href":"https:\/\/www.froerupforsamlingshus.dk\/index.php?rest_route=\/wp\/v2\/types\/page"}],"author":[{"embeddable":true,"href":"https:\/\/www.froerupforsamlingshus.dk\/index.php?rest_route=\/wp\/v2\/users\/1"}],"replies":[{"embeddable":true,"href":"https:\/\/www.froerupforsamlingshus.dk\/index.php?rest_route=%2Fwp%2Fv2%2Fcomments&post=170"}],"version-history":[{"count":8,"href":"https:\/\/www.froerupforsamlingshus.dk\/index.php?rest_route=\/wp\/v2\/pages\/170\/revisions"}],"predecessor-version":[{"id":1555,"href":"https:\/\/www.froerupforsamlingshus.dk\/index.php?rest_route=\/wp\/v2\/pages\/170\/revisions\/1555"}],"up":[{"embeddable":true,"href":"https:\/\/www.froerupforsamlingshus.dk\/index.php?rest_route=\/wp\/v2\/pages\/195"}],"wp:attachment":[{"href":"https:\/\/www.froerupforsamlingshus.dk\/index.php?rest_route=%2Fwp%2Fv2%2Fmedia&parent=170"}],"curies":[{"name":"wp","href":"https:\/\/api.w.org\/{rel}","templated":true}]}}