{"id":111,"date":"2021-12-24T12:46:37","date_gmt":"2021-12-24T12:46:37","guid":{"rendered":"https:\/\/www.froerupforsamlingshus.dk\/?page_id=111"},"modified":"2025-07-07T14:21:50","modified_gmt":"2025-07-07T12:21:50","slug":"om-froerup-forsamlingshus","status":"publish","type":"page","link":"https:\/\/www.froerupforsamlingshus.dk\/?page_id=111","title":{"rendered":"Om huset"},"content":{"rendered":"\n<p>Fr\u00f8rup Forsamlingshus er bygget i 1889, og ligger i den lille idylliske landsby Fr\u00f8rup p\u00e5 \u00d8stfyn. Huset har lige siden v\u00e6ret ramme om utallige arrangementer, herunder dilettant, juletr\u00e6sfester, bryllupper, f\u00f8dselsdage og meget mere. Huset er det sociale omdrejningspunkt for beboer e i og omkring Fr\u00f8rup. Som de fleste andre forsamlingshuse fra den tid er huset opst\u00e5et som andelsforening, men bliver nu drevet som alm. selvejende forening med en bestyrelse, der st\u00e5r for vedligehold og formidler udlejning samt et antal arrangementer. Bestyrelsen best\u00e5r af frivillige valgt p\u00e5 \u00e5rets generalforsamling.<\/p>\n\n\n\n<p>I dag udlejes huset som et s\u00e5kaldt n\u00f8glehus, dvs. man kan leje salene og de tilh\u00f8rende k\u00f8kkenfaciliteter til private, offentlige og firma arrangementer. Lejeren st\u00e5r selv for sit arrangement og er ansvarlig for dette. Der er ikke tilknyttet v\u00e6rt eller professionelt k\u00f8kkenpersonale, s\u00e5 det skal man selv s\u00f8rge for.<\/p>\n\n\n\n<p>Alle kan blive medlem af foreningen Fr\u00f8rup Forsamlingshus mod betaling af det \u00e5rlige kontingent,- se siden vedr. medlemskab.<\/p>\n\n\n\n<p><\/p>\n","protected":false},"excerpt":{"rendered":"<p>Fr\u00f8rup Forsamlingshus er bygget i 1889, og ligger i den lille idylliske landsby Fr\u00f8rup p\u00e5 \u00d8stfyn. Huset har lige siden v\u00e6ret ramme om utallige arrangementer, herunder dilettant, juletr\u00e6sfester, bryllupper, f\u00f8dselsdage og meget mere. Huset er det sociale omdrejningspunkt for beboer e i og omkring Fr\u00f8rup. Som de fleste andre forsamlingshuse fra den tid er huset &#8230; <a title=\"Om huset\" class=\"read-more\" href=\"https:\/\/www.froerupforsamlingshus.dk\/?page_id=111\" aria-label=\"Read more about Om huset\">L\u00e6s mere <\/a><\/p>\n","protected":false},"author":1,"featured_media":0,"parent":0,"menu_order":0,"comment_status":"closed","ping_status":"closed","template":"","meta":{"footnotes":""},"class_list":["post-111","page","type-page","status-publish"],"_links":{"self":[{"href":"https:\/\/www.froerupforsamlingshus.dk\/index.php?rest_route=\/wp\/v2\/pages\/111","targetHints":{"allow":["GET"]}}],"collection":[{"href":"https:\/\/www.froerupforsamlingshus.dk\/index.php?rest_route=\/wp\/v2\/pages"}],"about":[{"href":"https:\/\/www.froerupforsamlingshus.dk\/index.php?rest_route=\/wp\/v2\/types\/page"}],"author":[{"embeddable":true,"href":"https:\/\/www.froerupforsamlingshus.dk\/index.php?rest_route=\/wp\/v2\/users\/1"}],"replies":[{"embeddable":true,"href":"https:\/\/www.froerupforsamlingshus.dk\/index.php?rest_route=%2Fwp%2Fv2%2Fcomments&post=111"}],"version-history":[{"count":7,"href":"https:\/\/www.froerupforsamlingshus.dk\/index.php?rest_route=\/wp\/v2\/pages\/111\/revisions"}],"predecessor-version":[{"id":2355,"href":"https:\/\/www.froerupforsamlingshus.dk\/index.php?rest_route=\/wp\/v2\/pages\/111\/revisions\/2355"}],"wp:attachment":[{"href":"https:\/\/www.froerupforsamlingshus.dk\/index.php?rest_route=%2Fwp%2Fv2%2Fmedia&parent=111"}],"curies":[{"name":"wp","href":"https:\/\/api.w.org\/{rel}","templated":true}]}}